{"id":297,"date":"2019-11-05T20:43:23","date_gmt":"2019-11-05T23:43:23","guid":{"rendered":"https:\/\/reinerowinery.com\/?page_id=297"},"modified":"2021-10-21T10:38:35","modified_gmt":"2021-10-21T13:38:35","slug":"reinero-blend","status":"publish","type":"page","link":"https:\/\/reinerowinery.com\/index.php\/reinero-blend\/","title":{"rendered":"Reinero Blend"},"content":{"rendered":"<p>[vc_row css_animation=&#8221;&#8221; row_type=&#8221;row&#8221; use_row_as_full_screen_section=&#8221;no&#8221; type=&#8221;full_width&#8221; angled_section=&#8221;no&#8221; text_align=&#8221;center&#8221; background_image_as_pattern=&#8221;without_pattern&#8221; z_index=&#8221;&#8221;][vc_column][vc_single_image image=&#8221;235&#8243; img_size=&#8221;full&#8221; alignment=&#8221;center&#8221; qode_css_animation=&#8221;&#8221;][vc_empty_space height=&#8221;132px&#8221;]<div class=\"qode-scrolling-image-holder\">\n\t\t<div class=\"qode-si-content-holder\">\n\t\t\t\t<div class=\"qode-si-image-holder\">\n\t\t\t<div class=\"qode-si-image-holder-inner\">\n\t\t\t\t<img class=\"qode-si-image\" src=\"https:\/\/reinerowinery.com\/wp-content\/uploads\/2019\/11\/E1_REINERO_MONTAJE-ARTISTICA_Blend.jpg\" alt=\"E1_REINERO_MONTAJE-ARTISTICA_Blend>\" \/>\n\t\t\t<\/div>\n\t\t\t<img class=\"qode-si-frame\" src=\"https:\/\/reinerowinery.com\/wp-content\/themes\/bridge\/css\/img\/scrolling-image-frame.png\" alt=\"Scrolling Image Frame\" \/>\n\t\t<\/div>\n\t\t\t<\/div>\n<\/div>[\/vc_column][\/vc_row][vc_row css_animation=&#8221;&#8221; row_type=&#8221;row&#8221; use_row_as_full_screen_section=&#8221;no&#8221; type=&#8221;full_width&#8221; angled_section=&#8221;no&#8221; text_align=&#8221;left&#8221; background_image_as_pattern=&#8221;without_pattern&#8221;][vc_column][vc_empty_space][\/vc_column][\/vc_row][vc_row css_animation=&#8221;&#8221; row_type=&#8221;row&#8221; use_row_as_full_screen_section=&#8221;no&#8221; type=&#8221;full_width&#8221; angled_section=&#8221;no&#8221; text_align=&#8221;left&#8221; background_image_as_pattern=&#8221;without_pattern&#8221;][vc_column][vc_column_text]<\/p>\n<h2><span style=\"color: #383537;\"><strong>Reinero Blend<\/strong><\/span><\/h2>\n<p>[\/vc_column_text][vc_empty_space][vc_column_text]<span style=\"color: #383537; font-size: 18px;\"><br \/>\nLos vi\u00f1edos de los cuales provienen las uvas son los siguientes:<br \/>\nMalbec de pie franco, proveniente de Finca Alto Agrelo, en Lujan de Cuyo. 70% del corte<br \/>\nCabernet Franc, proveniente de Finca ubicada en Gualtallary a 1.350 mnsm, Tupungato, en cuya zona este varietal alcanza una notable expresividad. 20% del corte<br \/>\nMerlot de pie franco, proveniente de Finca en Los Chacayes a 1.100 msnm, en el Valle de Uco . 10 % del corte.<br \/>\nEl porcentaje de cada varietal en el corte, puede variar, dependiendo de la calidad obtenida en los vinos, en cada vendimia.<br \/>\nEl rendimiento de los vi\u00f1edos nunca supera los 800 kg por hect\u00e1rea<br \/>\nLa cosecha se realiza en forma manual, en peque\u00f1as cajas de 20 kg, durante las primeras horas de la ma\u00f1ana.<br \/>\nEn la Elaboraci\u00f3n, se despalilla la totalidad de la uva y se utilizan levaduras ind\u00edgenas, la fermentaci\u00f3n en peque\u00f1as vasijas de concreto, donde la maceraci\u00f3n dura aproximadamente 28 d\u00edas y la fermentaci\u00f3n malol\u00e1ctica se realiza con la flora natural.<br \/>\nLa crianza se termina en vasijas de roble franc\u00e9s, en un 80% y un 20% de roble americano, durante 14 meses y luego como m\u00ednimo 10 meses en botella, antes de la salida de bodega para su consumo.<\/span><\/p>\n<p>[\/vc_column_text][\/vc_column][\/vc_row]<\/p>\n","protected":false},"excerpt":{"rendered":"<p>[vc_row css_animation=&#8221;&#8221; row_type=&#8221;row&#8221; use_row_as_full_screen_section=&#8221;no&#8221; type=&#8221;full_width&#8221; angled_section=&#8221;no&#8221; text_align=&#8221;center&#8221; background_image_as_pattern=&#8221;without_pattern&#8221; z_index=&#8221;&#8221;][vc_column][vc_single_image image=&#8221;235&#8243; img_size=&#8221;full&#8221; alignment=&#8221;center&#8221; qode_css_animation=&#8221;&#8221;][vc_empty_space height=&#8221;132px&#8221;][\/vc_column][\/vc_row][vc_row css_animation=&#8221;&#8221; row_type=&#8221;row&#8221; use_row_as_full_screen_section=&#8221;no&#8221; type=&#8221;full_width&#8221; angled_section=&#8221;no&#8221; text_align=&#8221;left&#8221; background_image_as_pattern=&#8221;without_pattern&#8221;][vc_column][vc_empty_space][\/vc_column][\/vc_row][vc_row css_animation=&#8221;&#8221; row_type=&#8221;row&#8221; use_row_as_full_screen_section=&#8221;no&#8221; type=&#8221;full_width&#8221; angled_section=&#8221;no&#8221; text_align=&#8221;left&#8221; background_image_as_pattern=&#8221;without_pattern&#8221;][vc_column][vc_column_text] Reinero Blend [\/vc_column_text][vc_empty_space][vc_column_text] Los vi\u00f1edos de los cuales provienen las uvas son los siguientes: Malbec de pie&#8230;<\/p>\n","protected":false},"author":1,"featured_media":0,"parent":0,"menu_order":0,"comment_status":"closed","ping_status":"closed","template":"","meta":[],"yoast_head":"<!-- This site is optimized with the Yoast SEO plugin v17.4 - https:\/\/yoast.com\/wordpress\/plugins\/seo\/ -->\n<title>Reinero Blend - Reinero Winery<\/title>\n<meta name=\"robots\" content=\"index, follow, max-snippet:-1, max-image-preview:large, max-video-preview:-1\" \/>\n<link rel=\"canonical\" href=\"https:\/\/reinerowinery.com\/index.php\/reinero-blend\/\" \/>\n<meta property=\"og:locale\" content=\"es_ES\" \/>\n<meta property=\"og:type\" content=\"article\" \/>\n<meta property=\"og:title\" content=\"Reinero Blend - Reinero Winery\" \/>\n<meta property=\"og:description\" content=\"[vc_row css_animation=&#8221;&#8221; row_type=&#8221;row&#8221; use_row_as_full_screen_section=&#8221;no&#8221; type=&#8221;full_width&#8221; angled_section=&#8221;no&#8221; text_align=&#8221;center&#8221; background_image_as_pattern=&#8221;without_pattern&#8221; z_index=&#8221;&#8221;][vc_column][vc_single_image image=&#8221;235&#8243; img_size=&#8221;full&#8221; alignment=&#8221;center&#8221; qode_css_animation=&#8221;&#8221;][vc_empty_space height=&#8221;132px&#8221;][\/vc_column][\/vc_row][vc_row css_animation=&#8221;&#8221; row_type=&#8221;row&#8221; use_row_as_full_screen_section=&#8221;no&#8221; type=&#8221;full_width&#8221; angled_section=&#8221;no&#8221; text_align=&#8221;left&#8221; background_image_as_pattern=&#8221;without_pattern&#8221;][vc_column][vc_empty_space][\/vc_column][\/vc_row][vc_row css_animation=&#8221;&#8221; row_type=&#8221;row&#8221; use_row_as_full_screen_section=&#8221;no&#8221; type=&#8221;full_width&#8221; angled_section=&#8221;no&#8221; text_align=&#8221;left&#8221; background_image_as_pattern=&#8221;without_pattern&#8221;][vc_column][vc_column_text] Reinero Blend [\/vc_column_text][vc_empty_space][vc_column_text] Los vi\u00f1edos de los cuales provienen las uvas son los siguientes: Malbec de pie...\" \/>\n<meta property=\"og:url\" content=\"https:\/\/reinerowinery.com\/index.php\/reinero-blend\/\" \/>\n<meta property=\"og:site_name\" content=\"Reinero Winery\" \/>\n<meta property=\"article:modified_time\" content=\"2021-10-21T13:38:35+00:00\" \/>\n<meta name=\"twitter:card\" content=\"summary_large_image\" \/>\n<meta name=\"twitter:label1\" content=\"Est. reading time\" \/>\n\t<meta name=\"twitter:data1\" content=\"2 minutes\" \/>\n<script type=\"application\/ld+json\" class=\"yoast-schema-graph\">{\"@context\":\"https:\/\/schema.org\",\"@graph\":[{\"@type\":\"Organization\",\"@id\":\"https:\/\/reinerowinery.com\/#organization\",\"name\":\"Reinero Winery\",\"url\":\"https:\/\/reinerowinery.com\/\",\"sameAs\":[],\"logo\":{\"@type\":\"ImageObject\",\"@id\":\"https:\/\/reinerowinery.com\/#logo\",\"inLanguage\":\"es-ES\",\"url\":\"https:\/\/reinerowinery.com\/wp-content\/uploads\/2019\/11\/logo-blanco-completo-gris.png\",\"contentUrl\":\"https:\/\/reinerowinery.com\/wp-content\/uploads\/2019\/11\/logo-blanco-completo-gris.png\",\"width\":716,\"height\":211,\"caption\":\"Reinero Winery\"},\"image\":{\"@id\":\"https:\/\/reinerowinery.com\/#logo\"}},{\"@type\":\"WebSite\",\"@id\":\"https:\/\/reinerowinery.com\/#website\",\"url\":\"https:\/\/reinerowinery.com\/\",\"name\":\"Reinero Winery\",\"description\":\"Bodegas y Vi\\u00f1edos\",\"publisher\":{\"@id\":\"https:\/\/reinerowinery.com\/#organization\"},\"potentialAction\":[{\"@type\":\"SearchAction\",\"target\":{\"@type\":\"EntryPoint\",\"urlTemplate\":\"https:\/\/reinerowinery.com\/?s={search_term_string}\"},\"query-input\":\"required name=search_term_string\"}],\"inLanguage\":\"es-ES\"},{\"@type\":\"WebPage\",\"@id\":\"https:\/\/reinerowinery.com\/index.php\/reinero-blend\/#webpage\",\"url\":\"https:\/\/reinerowinery.com\/index.php\/reinero-blend\/\",\"name\":\"Reinero Blend - Reinero Winery\",\"isPartOf\":{\"@id\":\"https:\/\/reinerowinery.com\/#website\"},\"datePublished\":\"2019-11-05T23:43:23+00:00\",\"dateModified\":\"2021-10-21T13:38:35+00:00\",\"breadcrumb\":{\"@id\":\"https:\/\/reinerowinery.com\/index.php\/reinero-blend\/#breadcrumb\"},\"inLanguage\":\"es-ES\",\"potentialAction\":[{\"@type\":\"ReadAction\",\"target\":[\"https:\/\/reinerowinery.com\/index.php\/reinero-blend\/\"]}]},{\"@type\":\"BreadcrumbList\",\"@id\":\"https:\/\/reinerowinery.com\/index.php\/reinero-blend\/#breadcrumb\",\"itemListElement\":[{\"@type\":\"ListItem\",\"position\":1,\"name\":\"Home\",\"item\":\"https:\/\/reinerowinery.com\/\"},{\"@type\":\"ListItem\",\"position\":2,\"name\":\"Reinero Blend\"}]}]}<\/script>\n<!-- \/ Yoast SEO plugin. -->","yoast_head_json":{"title":"Reinero Blend - Reinero Winery","robots":{"index":"index","follow":"follow","max-snippet":"max-snippet:-1","max-image-preview":"max-image-preview:large","max-video-preview":"max-video-preview:-1"},"canonical":"https:\/\/reinerowinery.com\/index.php\/reinero-blend\/","og_locale":"es_ES","og_type":"article","og_title":"Reinero Blend - Reinero Winery","og_description":"[vc_row css_animation=&#8221;&#8221; row_type=&#8221;row&#8221; use_row_as_full_screen_section=&#8221;no&#8221; type=&#8221;full_width&#8221; angled_section=&#8221;no&#8221; text_align=&#8221;center&#8221; background_image_as_pattern=&#8221;without_pattern&#8221; z_index=&#8221;&#8221;][vc_column][vc_single_image image=&#8221;235&#8243; img_size=&#8221;full&#8221; alignment=&#8221;center&#8221; qode_css_animation=&#8221;&#8221;][vc_empty_space height=&#8221;132px&#8221;][\/vc_column][\/vc_row][vc_row css_animation=&#8221;&#8221; row_type=&#8221;row&#8221; use_row_as_full_screen_section=&#8221;no&#8221; type=&#8221;full_width&#8221; angled_section=&#8221;no&#8221; text_align=&#8221;left&#8221; background_image_as_pattern=&#8221;without_pattern&#8221;][vc_column][vc_empty_space][\/vc_column][\/vc_row][vc_row css_animation=&#8221;&#8221; row_type=&#8221;row&#8221; use_row_as_full_screen_section=&#8221;no&#8221; type=&#8221;full_width&#8221; angled_section=&#8221;no&#8221; text_align=&#8221;left&#8221; background_image_as_pattern=&#8221;without_pattern&#8221;][vc_column][vc_column_text] Reinero Blend [\/vc_column_text][vc_empty_space][vc_column_text] Los vi\u00f1edos de los cuales provienen las uvas son los siguientes: Malbec de pie...","og_url":"https:\/\/reinerowinery.com\/index.php\/reinero-blend\/","og_site_name":"Reinero Winery","article_modified_time":"2021-10-21T13:38:35+00:00","twitter_card":"summary_large_image","twitter_misc":{"Est. reading time":"2 minutes"},"schema":{"@context":"https:\/\/schema.org","@graph":[{"@type":"Organization","@id":"https:\/\/reinerowinery.com\/#organization","name":"Reinero Winery","url":"https:\/\/reinerowinery.com\/","sameAs":[],"logo":{"@type":"ImageObject","@id":"https:\/\/reinerowinery.com\/#logo","inLanguage":"es-ES","url":"https:\/\/reinerowinery.com\/wp-content\/uploads\/2019\/11\/logo-blanco-completo-gris.png","contentUrl":"https:\/\/reinerowinery.com\/wp-content\/uploads\/2019\/11\/logo-blanco-completo-gris.png","width":716,"height":211,"caption":"Reinero Winery"},"image":{"@id":"https:\/\/reinerowinery.com\/#logo"}},{"@type":"WebSite","@id":"https:\/\/reinerowinery.com\/#website","url":"https:\/\/reinerowinery.com\/","name":"Reinero Winery","description":"Bodegas y Vi\u00f1edos","publisher":{"@id":"https:\/\/reinerowinery.com\/#organization"},"potentialAction":[{"@type":"SearchAction","target":{"@type":"EntryPoint","urlTemplate":"https:\/\/reinerowinery.com\/?s={search_term_string}"},"query-input":"required name=search_term_string"}],"inLanguage":"es-ES"},{"@type":"WebPage","@id":"https:\/\/reinerowinery.com\/index.php\/reinero-blend\/#webpage","url":"https:\/\/reinerowinery.com\/index.php\/reinero-blend\/","name":"Reinero Blend - Reinero Winery","isPartOf":{"@id":"https:\/\/reinerowinery.com\/#website"},"datePublished":"2019-11-05T23:43:23+00:00","dateModified":"2021-10-21T13:38:35+00:00","breadcrumb":{"@id":"https:\/\/reinerowinery.com\/index.php\/reinero-blend\/#breadcrumb"},"inLanguage":"es-ES","potentialAction":[{"@type":"ReadAction","target":["https:\/\/reinerowinery.com\/index.php\/reinero-blend\/"]}]},{"@type":"BreadcrumbList","@id":"https:\/\/reinerowinery.com\/index.php\/reinero-blend\/#breadcrumb","itemListElement":[{"@type":"ListItem","position":1,"name":"Home","item":"https:\/\/reinerowinery.com\/"},{"@type":"ListItem","position":2,"name":"Reinero Blend"}]}]}},"_links":{"self":[{"href":"https:\/\/reinerowinery.com\/index.php\/wp-json\/wp\/v2\/pages\/297"}],"collection":[{"href":"https:\/\/reinerowinery.com\/index.php\/wp-json\/wp\/v2\/pages"}],"about":[{"href":"https:\/\/reinerowinery.com\/index.php\/wp-json\/wp\/v2\/types\/page"}],"author":[{"embeddable":true,"href":"https:\/\/reinerowinery.com\/index.php\/wp-json\/wp\/v2\/users\/1"}],"replies":[{"embeddable":true,"href":"https:\/\/reinerowinery.com\/index.php\/wp-json\/wp\/v2\/comments?post=297"}],"version-history":[{"count":4,"href":"https:\/\/reinerowinery.com\/index.php\/wp-json\/wp\/v2\/pages\/297\/revisions"}],"predecessor-version":[{"id":492,"href":"https:\/\/reinerowinery.com\/index.php\/wp-json\/wp\/v2\/pages\/297\/revisions\/492"}],"wp:attachment":[{"href":"https:\/\/reinerowinery.com\/index.php\/wp-json\/wp\/v2\/media?parent=297"}],"curies":[{"name":"wp","href":"https:\/\/api.w.org\/{rel}","templated":true}]}}