{"id":308,"date":"2019-11-14T17:12:27","date_gmt":"2019-11-14T20:12:27","guid":{"rendered":"https:\/\/reinerowinery.com\/?page_id=308"},"modified":"2021-10-21T10:20:09","modified_gmt":"2021-10-21T13:20:09","slug":"exupery-malbec","status":"publish","type":"page","link":"https:\/\/reinerowinery.com\/index.php\/exupery-malbec\/","title":{"rendered":"Exupery Malbec"},"content":{"rendered":"<p>[vc_row css_animation=&#8221;&#8221; row_type=&#8221;row&#8221; use_row_as_full_screen_section=&#8221;no&#8221; type=&#8221;full_width&#8221; angled_section=&#8221;no&#8221; text_align=&#8221;center&#8221; background_image_as_pattern=&#8221;without_pattern&#8221; z_index=&#8221;&#8221;][vc_column][vc_single_image image=&#8221;235&#8243; img_size=&#8221;full&#8221; alignment=&#8221;center&#8221; qode_css_animation=&#8221;&#8221;][vc_empty_space height=&#8221;132px&#8221;][vc_single_image image=&#8221;309&#8243; img_size=&#8221;full&#8221; alignment=&#8221;center&#8221; style=&#8221;vc_box_rounded&#8221; qode_css_animation=&#8221;&#8221;][\/vc_column][\/vc_row][vc_row css_animation=&#8221;&#8221; row_type=&#8221;row&#8221; use_row_as_full_screen_section=&#8221;no&#8221; type=&#8221;full_width&#8221; angled_section=&#8221;no&#8221; text_align=&#8221;left&#8221; background_image_as_pattern=&#8221;without_pattern&#8221;][vc_column][vc_empty_space][\/vc_column][\/vc_row][vc_row css_animation=&#8221;&#8221; row_type=&#8221;row&#8221; use_row_as_full_screen_section=&#8221;no&#8221; type=&#8221;full_width&#8221; angled_section=&#8221;no&#8221; text_align=&#8221;left&#8221; background_image_as_pattern=&#8221;without_pattern&#8221;][vc_column][vc_column_text]<\/p>\n<h2><span style=\"color: #383537;\"><strong>Exupery Malbec <\/strong><\/span>-ingles<\/h2>\n<p>[\/vc_column_text][vc_empty_space][vc_column_text]<span style=\"color: #383537; font-size: 18px;\">Elaborado con uvas provenientes de Alto Agrelo sobre 1.030 msnm, con suelos profundos, franco arenosos, cantos rodados y poca materia org\u00e1nica, sumado a uvas provenientes de la zona de Los Chacayes en el Valle de uco, donde sus suelos tambi\u00e9n franco arenosos, muy permeables por su gran cantidad de piedras y con una altitud de 1.100 msnm.<\/span><\/p>\n<p><span style=\"color: #383537; font-size: 18px;\">El rendimiento de estas parcelas, no supera nunca los 800 kg por hect\u00e1rea<\/span><\/p>\n<p><span style=\"color: #383537; font-size: 18px;\">La cosecha se realiza en forma manual, en peque\u00f1as cajas de 20 kg, durante las primeras horas de la ma\u00f1ana.<\/span><\/p>\n<p><span style=\"color: #383537; font-size: 18px;\">Este vino es elaborado con uvas de provenientes de dos zonas alejadas y muy diferentes entre s\u00ed; de Finca Los Pinos, ubicada en El Top\u00f3n, Tupungato a 1.100 msnm, con suelo franco arenoso y de Finca Alto Agrelo, a 1.030 msnm, en Luj\u00e1n de Cuyo. Buscamos con ambas, lograr una gran concentraci\u00f3n expresi\u00f3n frutal.<\/span><\/p>\n<p><span style=\"color: #383537; font-size: 18px;\">La cosecha se realiza manualmente en cajas de 20 kg.<\/span><\/p>\n<p><span style=\"color: #383537; font-size: 18px;\">La elaboraci\u00f3n se realiza en vasijas de concreto, fermentando la uva en contacto con duelas de roble, cuidando que la temperatura no supere los 28\u00b0C, durante al menos 3 semanas.<\/span><\/p>\n<p>La crianza se realiza en vasijas usadas de roble franc\u00e9s, durante aproximadamente 12 meses.[\/vc_column_text][\/vc_column][\/vc_row]<\/p>\n","protected":false},"excerpt":{"rendered":"<p>[vc_row css_animation=&#8221;&#8221; row_type=&#8221;row&#8221; use_row_as_full_screen_section=&#8221;no&#8221; type=&#8221;full_width&#8221; angled_section=&#8221;no&#8221; text_align=&#8221;center&#8221; background_image_as_pattern=&#8221;without_pattern&#8221; z_index=&#8221;&#8221;][vc_column][vc_single_image image=&#8221;235&#8243; img_size=&#8221;full&#8221; alignment=&#8221;center&#8221; qode_css_animation=&#8221;&#8221;][vc_empty_space height=&#8221;132px&#8221;][vc_single_image image=&#8221;309&#8243; img_size=&#8221;full&#8221; alignment=&#8221;center&#8221; style=&#8221;vc_box_rounded&#8221; qode_css_animation=&#8221;&#8221;][\/vc_column][\/vc_row][vc_row css_animation=&#8221;&#8221; row_type=&#8221;row&#8221; use_row_as_full_screen_section=&#8221;no&#8221; type=&#8221;full_width&#8221; angled_section=&#8221;no&#8221; text_align=&#8221;left&#8221; background_image_as_pattern=&#8221;without_pattern&#8221;][vc_column][vc_empty_space][\/vc_column][\/vc_row][vc_row css_animation=&#8221;&#8221; row_type=&#8221;row&#8221; use_row_as_full_screen_section=&#8221;no&#8221; type=&#8221;full_width&#8221; angled_section=&#8221;no&#8221; text_align=&#8221;left&#8221; background_image_as_pattern=&#8221;without_pattern&#8221;][vc_column][vc_column_text] Exupery Malbec -ingles [\/vc_column_text][vc_empty_space][vc_column_text]Elaborado con uvas provenientes de Alto Agrelo sobre 1.030&#8230;<\/p>\n","protected":false},"author":1,"featured_media":0,"parent":0,"menu_order":0,"comment_status":"closed","ping_status":"closed","template":"","meta":[],"yoast_head":"<!-- This site is optimized with the Yoast SEO plugin v17.4 - https:\/\/yoast.com\/wordpress\/plugins\/seo\/ -->\n<title>Exupery Malbec - Reinero Winery<\/title>\n<meta name=\"robots\" content=\"index, follow, max-snippet:-1, max-image-preview:large, max-video-preview:-1\" \/>\n<link rel=\"canonical\" href=\"https:\/\/reinerowinery.com\/index.php\/exupery-malbec\/\" \/>\n<meta property=\"og:locale\" content=\"es_ES\" \/>\n<meta property=\"og:type\" content=\"article\" \/>\n<meta property=\"og:title\" content=\"Exupery Malbec - Reinero Winery\" \/>\n<meta property=\"og:description\" content=\"[vc_row css_animation=&#8221;&#8221; row_type=&#8221;row&#8221; use_row_as_full_screen_section=&#8221;no&#8221; type=&#8221;full_width&#8221; angled_section=&#8221;no&#8221; text_align=&#8221;center&#8221; background_image_as_pattern=&#8221;without_pattern&#8221; z_index=&#8221;&#8221;][vc_column][vc_single_image image=&#8221;235&#8243; img_size=&#8221;full&#8221; alignment=&#8221;center&#8221; qode_css_animation=&#8221;&#8221;][vc_empty_space height=&#8221;132px&#8221;][vc_single_image image=&#8221;309&#8243; img_size=&#8221;full&#8221; alignment=&#8221;center&#8221; style=&#8221;vc_box_rounded&#8221; qode_css_animation=&#8221;&#8221;][\/vc_column][\/vc_row][vc_row css_animation=&#8221;&#8221; row_type=&#8221;row&#8221; use_row_as_full_screen_section=&#8221;no&#8221; type=&#8221;full_width&#8221; angled_section=&#8221;no&#8221; text_align=&#8221;left&#8221; background_image_as_pattern=&#8221;without_pattern&#8221;][vc_column][vc_empty_space][\/vc_column][\/vc_row][vc_row css_animation=&#8221;&#8221; row_type=&#8221;row&#8221; use_row_as_full_screen_section=&#8221;no&#8221; type=&#8221;full_width&#8221; angled_section=&#8221;no&#8221; text_align=&#8221;left&#8221; background_image_as_pattern=&#8221;without_pattern&#8221;][vc_column][vc_column_text] Exupery Malbec -ingles [\/vc_column_text][vc_empty_space][vc_column_text]Elaborado con uvas provenientes de Alto Agrelo sobre 1.030...\" \/>\n<meta property=\"og:url\" content=\"https:\/\/reinerowinery.com\/index.php\/exupery-malbec\/\" \/>\n<meta property=\"og:site_name\" content=\"Reinero Winery\" \/>\n<meta property=\"article:modified_time\" content=\"2021-10-21T13:20:09+00:00\" \/>\n<meta name=\"twitter:card\" content=\"summary_large_image\" \/>\n<meta name=\"twitter:label1\" content=\"Est. reading time\" \/>\n\t<meta name=\"twitter:data1\" content=\"2 minutes\" \/>\n<script type=\"application\/ld+json\" class=\"yoast-schema-graph\">{\"@context\":\"https:\/\/schema.org\",\"@graph\":[{\"@type\":\"Organization\",\"@id\":\"https:\/\/reinerowinery.com\/#organization\",\"name\":\"Reinero Winery\",\"url\":\"https:\/\/reinerowinery.com\/\",\"sameAs\":[],\"logo\":{\"@type\":\"ImageObject\",\"@id\":\"https:\/\/reinerowinery.com\/#logo\",\"inLanguage\":\"es-ES\",\"url\":\"https:\/\/reinerowinery.com\/wp-content\/uploads\/2019\/11\/logo-blanco-completo-gris.png\",\"contentUrl\":\"https:\/\/reinerowinery.com\/wp-content\/uploads\/2019\/11\/logo-blanco-completo-gris.png\",\"width\":716,\"height\":211,\"caption\":\"Reinero Winery\"},\"image\":{\"@id\":\"https:\/\/reinerowinery.com\/#logo\"}},{\"@type\":\"WebSite\",\"@id\":\"https:\/\/reinerowinery.com\/#website\",\"url\":\"https:\/\/reinerowinery.com\/\",\"name\":\"Reinero Winery\",\"description\":\"Bodegas y Vi\\u00f1edos\",\"publisher\":{\"@id\":\"https:\/\/reinerowinery.com\/#organization\"},\"potentialAction\":[{\"@type\":\"SearchAction\",\"target\":{\"@type\":\"EntryPoint\",\"urlTemplate\":\"https:\/\/reinerowinery.com\/?s={search_term_string}\"},\"query-input\":\"required name=search_term_string\"}],\"inLanguage\":\"es-ES\"},{\"@type\":\"WebPage\",\"@id\":\"https:\/\/reinerowinery.com\/index.php\/exupery-malbec\/#webpage\",\"url\":\"https:\/\/reinerowinery.com\/index.php\/exupery-malbec\/\",\"name\":\"Exupery Malbec - Reinero Winery\",\"isPartOf\":{\"@id\":\"https:\/\/reinerowinery.com\/#website\"},\"datePublished\":\"2019-11-14T20:12:27+00:00\",\"dateModified\":\"2021-10-21T13:20:09+00:00\",\"breadcrumb\":{\"@id\":\"https:\/\/reinerowinery.com\/index.php\/exupery-malbec\/#breadcrumb\"},\"inLanguage\":\"es-ES\",\"potentialAction\":[{\"@type\":\"ReadAction\",\"target\":[\"https:\/\/reinerowinery.com\/index.php\/exupery-malbec\/\"]}]},{\"@type\":\"BreadcrumbList\",\"@id\":\"https:\/\/reinerowinery.com\/index.php\/exupery-malbec\/#breadcrumb\",\"itemListElement\":[{\"@type\":\"ListItem\",\"position\":1,\"name\":\"Home\",\"item\":\"https:\/\/reinerowinery.com\/\"},{\"@type\":\"ListItem\",\"position\":2,\"name\":\"Exupery Malbec\"}]}]}<\/script>\n<!-- \/ Yoast SEO plugin. -->","yoast_head_json":{"title":"Exupery Malbec - Reinero Winery","robots":{"index":"index","follow":"follow","max-snippet":"max-snippet:-1","max-image-preview":"max-image-preview:large","max-video-preview":"max-video-preview:-1"},"canonical":"https:\/\/reinerowinery.com\/index.php\/exupery-malbec\/","og_locale":"es_ES","og_type":"article","og_title":"Exupery Malbec - Reinero Winery","og_description":"[vc_row css_animation=&#8221;&#8221; row_type=&#8221;row&#8221; use_row_as_full_screen_section=&#8221;no&#8221; type=&#8221;full_width&#8221; angled_section=&#8221;no&#8221; text_align=&#8221;center&#8221; background_image_as_pattern=&#8221;without_pattern&#8221; z_index=&#8221;&#8221;][vc_column][vc_single_image image=&#8221;235&#8243; img_size=&#8221;full&#8221; alignment=&#8221;center&#8221; qode_css_animation=&#8221;&#8221;][vc_empty_space height=&#8221;132px&#8221;][vc_single_image image=&#8221;309&#8243; img_size=&#8221;full&#8221; alignment=&#8221;center&#8221; style=&#8221;vc_box_rounded&#8221; qode_css_animation=&#8221;&#8221;][\/vc_column][\/vc_row][vc_row css_animation=&#8221;&#8221; row_type=&#8221;row&#8221; use_row_as_full_screen_section=&#8221;no&#8221; type=&#8221;full_width&#8221; angled_section=&#8221;no&#8221; text_align=&#8221;left&#8221; background_image_as_pattern=&#8221;without_pattern&#8221;][vc_column][vc_empty_space][\/vc_column][\/vc_row][vc_row css_animation=&#8221;&#8221; row_type=&#8221;row&#8221; use_row_as_full_screen_section=&#8221;no&#8221; type=&#8221;full_width&#8221; angled_section=&#8221;no&#8221; text_align=&#8221;left&#8221; background_image_as_pattern=&#8221;without_pattern&#8221;][vc_column][vc_column_text] Exupery Malbec -ingles [\/vc_column_text][vc_empty_space][vc_column_text]Elaborado con uvas provenientes de Alto Agrelo sobre 1.030...","og_url":"https:\/\/reinerowinery.com\/index.php\/exupery-malbec\/","og_site_name":"Reinero Winery","article_modified_time":"2021-10-21T13:20:09+00:00","twitter_card":"summary_large_image","twitter_misc":{"Est. reading time":"2 minutes"},"schema":{"@context":"https:\/\/schema.org","@graph":[{"@type":"Organization","@id":"https:\/\/reinerowinery.com\/#organization","name":"Reinero Winery","url":"https:\/\/reinerowinery.com\/","sameAs":[],"logo":{"@type":"ImageObject","@id":"https:\/\/reinerowinery.com\/#logo","inLanguage":"es-ES","url":"https:\/\/reinerowinery.com\/wp-content\/uploads\/2019\/11\/logo-blanco-completo-gris.png","contentUrl":"https:\/\/reinerowinery.com\/wp-content\/uploads\/2019\/11\/logo-blanco-completo-gris.png","width":716,"height":211,"caption":"Reinero Winery"},"image":{"@id":"https:\/\/reinerowinery.com\/#logo"}},{"@type":"WebSite","@id":"https:\/\/reinerowinery.com\/#website","url":"https:\/\/reinerowinery.com\/","name":"Reinero Winery","description":"Bodegas y Vi\u00f1edos","publisher":{"@id":"https:\/\/reinerowinery.com\/#organization"},"potentialAction":[{"@type":"SearchAction","target":{"@type":"EntryPoint","urlTemplate":"https:\/\/reinerowinery.com\/?s={search_term_string}"},"query-input":"required name=search_term_string"}],"inLanguage":"es-ES"},{"@type":"WebPage","@id":"https:\/\/reinerowinery.com\/index.php\/exupery-malbec\/#webpage","url":"https:\/\/reinerowinery.com\/index.php\/exupery-malbec\/","name":"Exupery Malbec - Reinero Winery","isPartOf":{"@id":"https:\/\/reinerowinery.com\/#website"},"datePublished":"2019-11-14T20:12:27+00:00","dateModified":"2021-10-21T13:20:09+00:00","breadcrumb":{"@id":"https:\/\/reinerowinery.com\/index.php\/exupery-malbec\/#breadcrumb"},"inLanguage":"es-ES","potentialAction":[{"@type":"ReadAction","target":["https:\/\/reinerowinery.com\/index.php\/exupery-malbec\/"]}]},{"@type":"BreadcrumbList","@id":"https:\/\/reinerowinery.com\/index.php\/exupery-malbec\/#breadcrumb","itemListElement":[{"@type":"ListItem","position":1,"name":"Home","item":"https:\/\/reinerowinery.com\/"},{"@type":"ListItem","position":2,"name":"Exupery Malbec"}]}]}},"_links":{"self":[{"href":"https:\/\/reinerowinery.com\/index.php\/wp-json\/wp\/v2\/pages\/308"}],"collection":[{"href":"https:\/\/reinerowinery.com\/index.php\/wp-json\/wp\/v2\/pages"}],"about":[{"href":"https:\/\/reinerowinery.com\/index.php\/wp-json\/wp\/v2\/types\/page"}],"author":[{"embeddable":true,"href":"https:\/\/reinerowinery.com\/index.php\/wp-json\/wp\/v2\/users\/1"}],"replies":[{"embeddable":true,"href":"https:\/\/reinerowinery.com\/index.php\/wp-json\/wp\/v2\/comments?post=308"}],"version-history":[{"count":8,"href":"https:\/\/reinerowinery.com\/index.php\/wp-json\/wp\/v2\/pages\/308\/revisions"}],"predecessor-version":[{"id":365,"href":"https:\/\/reinerowinery.com\/index.php\/wp-json\/wp\/v2\/pages\/308\/revisions\/365"}],"wp:attachment":[{"href":"https:\/\/reinerowinery.com\/index.php\/wp-json\/wp\/v2\/media?parent=308"}],"curies":[{"name":"wp","href":"https:\/\/api.w.org\/{rel}","templated":true}]}}