{"id":392,"date":"2019-11-19T15:32:06","date_gmt":"2019-11-19T18:32:06","guid":{"rendered":"https:\/\/reinerowinery.com\/index.php\/nazareno-cabernet-2\/"},"modified":"2021-10-21T10:22:16","modified_gmt":"2021-10-21T13:22:16","slug":"nazareno-cabernet","status":"publish","type":"page","link":"https:\/\/reinerowinery.com\/index.php\/nazareno-cabernet\/?lang=en","title":{"rendered":"Nazareno Cabernet Sauvignon"},"content":{"rendered":"<p>[vc_row css_animation=&#8221;&#8221; row_type=&#8221;row&#8221; use_row_as_full_screen_section=&#8221;no&#8221; type=&#8221;full_width&#8221; angled_section=&#8221;no&#8221; text_align=&#8221;center&#8221; background_image_as_pattern=&#8221;without_pattern&#8221; z_index=&#8221;&#8221;][vc_column][vc_single_image image=&#8221;235&#8243; img_size=&#8221;full&#8221; alignment=&#8221;center&#8221; qode_css_animation=&#8221;&#8221;][vc_empty_space height=&#8221;132px&#8221;][vc_single_image image=&#8221;332&#8243; img_size=&#8221;full&#8221; alignment=&#8221;center&#8221; style=&#8221;vc_box_rounded&#8221; qode_css_animation=&#8221;&#8221;][\/vc_column][\/vc_row][vc_row css_animation=&#8221;&#8221; row_type=&#8221;row&#8221; use_row_as_full_screen_section=&#8221;no&#8221; type=&#8221;full_width&#8221; angled_section=&#8221;no&#8221; text_align=&#8221;left&#8221; background_image_as_pattern=&#8221;without_pattern&#8221;][vc_column][vc_empty_space][\/vc_column][\/vc_row][vc_row css_animation=&#8221;&#8221; row_type=&#8221;row&#8221; use_row_as_full_screen_section=&#8221;no&#8221; type=&#8221;full_width&#8221; angled_section=&#8221;no&#8221; text_align=&#8221;left&#8221; background_image_as_pattern=&#8221;without_pattern&#8221;][vc_column][vc_column_text]<\/p>\n<h2><span style=\"color: #383537;\"><strong>Nazareno Cabernet Sauvignon<\/strong><\/span><\/h2>\n<p>[\/vc_column_text][vc_empty_space][vc_column_text]<span style=\"color: #383537; font-size: 18px;\">Las uvas provienen de Chacayes, Valle de Uco, a 1.100 msnm, esta cultivado sobre suelos de cantos rodados, escasa materia org\u00e1nica y muy buena permeabilidad. El rendimiento no supera los 13.000 kg x hect\u00e1rea, lo que nos permite obtener un vino intenso y con gran tipicidad varietal.<br \/>\nEn la Elaboraci\u00f3n se macera la uva en fr\u00edo durante 2 d\u00edas, se utilizan levaduras ind\u00edgena, con una duraci\u00f3n total del encubado de aprox. 16 d\u00edas. La fermentaci\u00f3n malol\u00e1ctica se realiza con la flora natural.<br \/>\nSu crianza se termina en vasijas con roble franc\u00e9s en un 80 % y de origen americano el otro restante 20%.<br \/>\n<\/span>[\/vc_column_text][\/vc_column][\/vc_row]<\/p>\n","protected":false},"excerpt":{"rendered":"<p>[vc_row css_animation=&#8221;&#8221; row_type=&#8221;row&#8221; use_row_as_full_screen_section=&#8221;no&#8221; type=&#8221;full_width&#8221; angled_section=&#8221;no&#8221; text_align=&#8221;center&#8221; background_image_as_pattern=&#8221;without_pattern&#8221; z_index=&#8221;&#8221;][vc_column][vc_single_image image=&#8221;235&#8243; img_size=&#8221;full&#8221; alignment=&#8221;center&#8221; qode_css_animation=&#8221;&#8221;][vc_empty_space height=&#8221;132px&#8221;][vc_single_image image=&#8221;332&#8243; img_size=&#8221;full&#8221; alignment=&#8221;center&#8221; style=&#8221;vc_box_rounded&#8221; qode_css_animation=&#8221;&#8221;][\/vc_column][\/vc_row][vc_row css_animation=&#8221;&#8221; row_type=&#8221;row&#8221; use_row_as_full_screen_section=&#8221;no&#8221; type=&#8221;full_width&#8221; angled_section=&#8221;no&#8221; text_align=&#8221;left&#8221; background_image_as_pattern=&#8221;without_pattern&#8221;][vc_column][vc_empty_space][\/vc_column][\/vc_row][vc_row css_animation=&#8221;&#8221; row_type=&#8221;row&#8221; use_row_as_full_screen_section=&#8221;no&#8221; type=&#8221;full_width&#8221; angled_section=&#8221;no&#8221; text_align=&#8221;left&#8221; background_image_as_pattern=&#8221;without_pattern&#8221;][vc_column][vc_column_text] Nazareno Cabernet Sauvignon [\/vc_column_text][vc_empty_space][vc_column_text]Las uvas provienen de Chacayes, Valle de Uco, a&#8230;<\/p>\n","protected":false},"author":1,"featured_media":0,"parent":0,"menu_order":0,"comment_status":"closed","ping_status":"closed","template":"","meta":[],"yoast_head":"<!-- This site is optimized with the Yoast SEO plugin v17.4 - https:\/\/yoast.com\/wordpress\/plugins\/seo\/ -->\n<title>Nazareno Cabernet Sauvignon - Reinero Winery<\/title>\n<meta name=\"robots\" content=\"index, follow, max-snippet:-1, max-image-preview:large, max-video-preview:-1\" \/>\n<link rel=\"canonical\" href=\"https:\/\/reinerowinery.com\/index.php\/nazareno-cabernet\/?lang=en\" \/>\n<meta property=\"og:locale\" content=\"es_ES\" \/>\n<meta property=\"og:type\" content=\"article\" \/>\n<meta property=\"og:title\" content=\"Nazareno Cabernet Sauvignon - Reinero Winery\" \/>\n<meta property=\"og:description\" content=\"[vc_row css_animation=&#8221;&#8221; row_type=&#8221;row&#8221; use_row_as_full_screen_section=&#8221;no&#8221; type=&#8221;full_width&#8221; angled_section=&#8221;no&#8221; text_align=&#8221;center&#8221; background_image_as_pattern=&#8221;without_pattern&#8221; z_index=&#8221;&#8221;][vc_column][vc_single_image image=&#8221;235&#8243; img_size=&#8221;full&#8221; alignment=&#8221;center&#8221; qode_css_animation=&#8221;&#8221;][vc_empty_space height=&#8221;132px&#8221;][vc_single_image image=&#8221;332&#8243; img_size=&#8221;full&#8221; alignment=&#8221;center&#8221; style=&#8221;vc_box_rounded&#8221; qode_css_animation=&#8221;&#8221;][\/vc_column][\/vc_row][vc_row css_animation=&#8221;&#8221; row_type=&#8221;row&#8221; use_row_as_full_screen_section=&#8221;no&#8221; type=&#8221;full_width&#8221; angled_section=&#8221;no&#8221; text_align=&#8221;left&#8221; background_image_as_pattern=&#8221;without_pattern&#8221;][vc_column][vc_empty_space][\/vc_column][\/vc_row][vc_row css_animation=&#8221;&#8221; row_type=&#8221;row&#8221; use_row_as_full_screen_section=&#8221;no&#8221; type=&#8221;full_width&#8221; angled_section=&#8221;no&#8221; text_align=&#8221;left&#8221; background_image_as_pattern=&#8221;without_pattern&#8221;][vc_column][vc_column_text] Nazareno Cabernet Sauvignon [\/vc_column_text][vc_empty_space][vc_column_text]Las uvas provienen de Chacayes, Valle de Uco, a...\" \/>\n<meta property=\"og:url\" content=\"https:\/\/reinerowinery.com\/index.php\/nazareno-cabernet\/?lang=en\" \/>\n<meta property=\"og:site_name\" content=\"Reinero Winery\" \/>\n<meta property=\"article:modified_time\" content=\"2021-10-21T13:22:16+00:00\" \/>\n<meta name=\"twitter:card\" content=\"summary_large_image\" \/>\n<meta name=\"twitter:label1\" content=\"Est. reading time\" \/>\n\t<meta name=\"twitter:data1\" content=\"1 minute\" \/>\n<script type=\"application\/ld+json\" class=\"yoast-schema-graph\">{\"@context\":\"https:\/\/schema.org\",\"@graph\":[{\"@type\":\"Organization\",\"@id\":\"https:\/\/reinerowinery.com\/#organization\",\"name\":\"Reinero Winery\",\"url\":\"https:\/\/reinerowinery.com\/\",\"sameAs\":[],\"logo\":{\"@type\":\"ImageObject\",\"@id\":\"https:\/\/reinerowinery.com\/#logo\",\"inLanguage\":\"es-ES\",\"url\":\"https:\/\/reinerowinery.com\/wp-content\/uploads\/2019\/11\/logo-blanco-completo-gris.png\",\"contentUrl\":\"https:\/\/reinerowinery.com\/wp-content\/uploads\/2019\/11\/logo-blanco-completo-gris.png\",\"width\":716,\"height\":211,\"caption\":\"Reinero Winery\"},\"image\":{\"@id\":\"https:\/\/reinerowinery.com\/#logo\"}},{\"@type\":\"WebSite\",\"@id\":\"https:\/\/reinerowinery.com\/#website\",\"url\":\"https:\/\/reinerowinery.com\/\",\"name\":\"Reinero Winery\",\"description\":\"Bodegas y Vi\\u00f1edos\",\"publisher\":{\"@id\":\"https:\/\/reinerowinery.com\/#organization\"},\"potentialAction\":[{\"@type\":\"SearchAction\",\"target\":{\"@type\":\"EntryPoint\",\"urlTemplate\":\"https:\/\/reinerowinery.com\/?s={search_term_string}\"},\"query-input\":\"required name=search_term_string\"}],\"inLanguage\":\"es-ES\"},{\"@type\":\"WebPage\",\"@id\":\"https:\/\/reinerowinery.com\/index.php\/nazareno-cabernet\/?lang=en#webpage\",\"url\":\"https:\/\/reinerowinery.com\/index.php\/nazareno-cabernet\/?lang=en\",\"name\":\"Nazareno Cabernet Sauvignon - Reinero Winery\",\"isPartOf\":{\"@id\":\"https:\/\/reinerowinery.com\/#website\"},\"datePublished\":\"2019-11-19T18:32:06+00:00\",\"dateModified\":\"2021-10-21T13:22:16+00:00\",\"breadcrumb\":{\"@id\":\"https:\/\/reinerowinery.com\/index.php\/nazareno-cabernet\/?lang=en#breadcrumb\"},\"inLanguage\":\"es-ES\",\"potentialAction\":[{\"@type\":\"ReadAction\",\"target\":[\"https:\/\/reinerowinery.com\/index.php\/nazareno-cabernet\/?lang=en\"]}]},{\"@type\":\"BreadcrumbList\",\"@id\":\"https:\/\/reinerowinery.com\/index.php\/nazareno-cabernet\/?lang=en#breadcrumb\",\"itemListElement\":[{\"@type\":\"ListItem\",\"position\":1,\"name\":\"Home\",\"item\":\"https:\/\/reinerowinery.com\/\"},{\"@type\":\"ListItem\",\"position\":2,\"name\":\"Nazareno Cabernet Sauvignon\"}]}]}<\/script>\n<!-- \/ Yoast SEO plugin. -->","yoast_head_json":{"title":"Nazareno Cabernet Sauvignon - Reinero Winery","robots":{"index":"index","follow":"follow","max-snippet":"max-snippet:-1","max-image-preview":"max-image-preview:large","max-video-preview":"max-video-preview:-1"},"canonical":"https:\/\/reinerowinery.com\/index.php\/nazareno-cabernet\/?lang=en","og_locale":"es_ES","og_type":"article","og_title":"Nazareno Cabernet Sauvignon - Reinero Winery","og_description":"[vc_row css_animation=&#8221;&#8221; row_type=&#8221;row&#8221; use_row_as_full_screen_section=&#8221;no&#8221; type=&#8221;full_width&#8221; angled_section=&#8221;no&#8221; text_align=&#8221;center&#8221; background_image_as_pattern=&#8221;without_pattern&#8221; z_index=&#8221;&#8221;][vc_column][vc_single_image image=&#8221;235&#8243; img_size=&#8221;full&#8221; alignment=&#8221;center&#8221; qode_css_animation=&#8221;&#8221;][vc_empty_space height=&#8221;132px&#8221;][vc_single_image image=&#8221;332&#8243; img_size=&#8221;full&#8221; alignment=&#8221;center&#8221; style=&#8221;vc_box_rounded&#8221; qode_css_animation=&#8221;&#8221;][\/vc_column][\/vc_row][vc_row css_animation=&#8221;&#8221; row_type=&#8221;row&#8221; use_row_as_full_screen_section=&#8221;no&#8221; type=&#8221;full_width&#8221; angled_section=&#8221;no&#8221; text_align=&#8221;left&#8221; background_image_as_pattern=&#8221;without_pattern&#8221;][vc_column][vc_empty_space][\/vc_column][\/vc_row][vc_row css_animation=&#8221;&#8221; row_type=&#8221;row&#8221; use_row_as_full_screen_section=&#8221;no&#8221; type=&#8221;full_width&#8221; angled_section=&#8221;no&#8221; text_align=&#8221;left&#8221; background_image_as_pattern=&#8221;without_pattern&#8221;][vc_column][vc_column_text] Nazareno Cabernet Sauvignon [\/vc_column_text][vc_empty_space][vc_column_text]Las uvas provienen de Chacayes, Valle de Uco, a...","og_url":"https:\/\/reinerowinery.com\/index.php\/nazareno-cabernet\/?lang=en","og_site_name":"Reinero Winery","article_modified_time":"2021-10-21T13:22:16+00:00","twitter_card":"summary_large_image","twitter_misc":{"Est. reading time":"1 minute"},"schema":{"@context":"https:\/\/schema.org","@graph":[{"@type":"Organization","@id":"https:\/\/reinerowinery.com\/#organization","name":"Reinero Winery","url":"https:\/\/reinerowinery.com\/","sameAs":[],"logo":{"@type":"ImageObject","@id":"https:\/\/reinerowinery.com\/#logo","inLanguage":"es-ES","url":"https:\/\/reinerowinery.com\/wp-content\/uploads\/2019\/11\/logo-blanco-completo-gris.png","contentUrl":"https:\/\/reinerowinery.com\/wp-content\/uploads\/2019\/11\/logo-blanco-completo-gris.png","width":716,"height":211,"caption":"Reinero Winery"},"image":{"@id":"https:\/\/reinerowinery.com\/#logo"}},{"@type":"WebSite","@id":"https:\/\/reinerowinery.com\/#website","url":"https:\/\/reinerowinery.com\/","name":"Reinero Winery","description":"Bodegas y Vi\u00f1edos","publisher":{"@id":"https:\/\/reinerowinery.com\/#organization"},"potentialAction":[{"@type":"SearchAction","target":{"@type":"EntryPoint","urlTemplate":"https:\/\/reinerowinery.com\/?s={search_term_string}"},"query-input":"required name=search_term_string"}],"inLanguage":"es-ES"},{"@type":"WebPage","@id":"https:\/\/reinerowinery.com\/index.php\/nazareno-cabernet\/?lang=en#webpage","url":"https:\/\/reinerowinery.com\/index.php\/nazareno-cabernet\/?lang=en","name":"Nazareno Cabernet Sauvignon - Reinero Winery","isPartOf":{"@id":"https:\/\/reinerowinery.com\/#website"},"datePublished":"2019-11-19T18:32:06+00:00","dateModified":"2021-10-21T13:22:16+00:00","breadcrumb":{"@id":"https:\/\/reinerowinery.com\/index.php\/nazareno-cabernet\/?lang=en#breadcrumb"},"inLanguage":"es-ES","potentialAction":[{"@type":"ReadAction","target":["https:\/\/reinerowinery.com\/index.php\/nazareno-cabernet\/?lang=en"]}]},{"@type":"BreadcrumbList","@id":"https:\/\/reinerowinery.com\/index.php\/nazareno-cabernet\/?lang=en#breadcrumb","itemListElement":[{"@type":"ListItem","position":1,"name":"Home","item":"https:\/\/reinerowinery.com\/"},{"@type":"ListItem","position":2,"name":"Nazareno Cabernet Sauvignon"}]}]}},"_links":{"self":[{"href":"https:\/\/reinerowinery.com\/index.php\/wp-json\/wp\/v2\/pages\/392"}],"collection":[{"href":"https:\/\/reinerowinery.com\/index.php\/wp-json\/wp\/v2\/pages"}],"about":[{"href":"https:\/\/reinerowinery.com\/index.php\/wp-json\/wp\/v2\/types\/page"}],"author":[{"embeddable":true,"href":"https:\/\/reinerowinery.com\/index.php\/wp-json\/wp\/v2\/users\/1"}],"replies":[{"embeddable":true,"href":"https:\/\/reinerowinery.com\/index.php\/wp-json\/wp\/v2\/comments?post=392"}],"version-history":[{"count":3,"href":"https:\/\/reinerowinery.com\/index.php\/wp-json\/wp\/v2\/pages\/392\/revisions"}],"predecessor-version":[{"id":482,"href":"https:\/\/reinerowinery.com\/index.php\/wp-json\/wp\/v2\/pages\/392\/revisions\/482"}],"wp:attachment":[{"href":"https:\/\/reinerowinery.com\/index.php\/wp-json\/wp\/v2\/media?parent=392"}],"curies":[{"name":"wp","href":"https:\/\/api.w.org\/{rel}","templated":true}]}}