{"id":395,"date":"2019-11-19T15:36:28","date_gmt":"2019-11-19T18:36:28","guid":{"rendered":"https:\/\/reinerowinery.com\/index.php\/nazareno-sauvignon-blanc-2\/"},"modified":"2021-10-21T10:38:41","modified_gmt":"2021-10-21T13:38:41","slug":"nazareno-sauvignon-blanc","status":"publish","type":"page","link":"https:\/\/reinerowinery.com\/index.php\/nazareno-sauvignon-blanc\/?lang=en","title":{"rendered":"Nazareno Sauvignon Blanc"},"content":{"rendered":"<p>[vc_row css_animation=&#8221;&#8221; row_type=&#8221;row&#8221; use_row_as_full_screen_section=&#8221;no&#8221; type=&#8221;full_width&#8221; angled_section=&#8221;no&#8221; text_align=&#8221;center&#8221; background_image_as_pattern=&#8221;without_pattern&#8221; z_index=&#8221;&#8221;][vc_column][vc_single_image image=&#8221;235&#8243; img_size=&#8221;full&#8221; alignment=&#8221;center&#8221; qode_css_animation=&#8221;&#8221;][vc_empty_space height=&#8221;132px&#8221;][vc_single_image image=&#8221;339&#8243; img_size=&#8221;full&#8221; alignment=&#8221;center&#8221; style=&#8221;vc_box_rounded&#8221; qode_css_animation=&#8221;&#8221;][\/vc_column][\/vc_row][vc_row css_animation=&#8221;&#8221; row_type=&#8221;row&#8221; use_row_as_full_screen_section=&#8221;no&#8221; type=&#8221;full_width&#8221; angled_section=&#8221;no&#8221; text_align=&#8221;left&#8221; background_image_as_pattern=&#8221;without_pattern&#8221;][vc_column][vc_empty_space][\/vc_column][\/vc_row][vc_row css_animation=&#8221;&#8221; row_type=&#8221;row&#8221; use_row_as_full_screen_section=&#8221;no&#8221; type=&#8221;full_width&#8221; angled_section=&#8221;no&#8221; text_align=&#8221;left&#8221; background_image_as_pattern=&#8221;without_pattern&#8221;][vc_column][vc_column_text]<\/p>\n<h2><span style=\"color: #383537;\"><strong>Nazareno Sauvignon Blanc<\/strong><\/span><\/h2>\n<p>[\/vc_column_text][vc_empty_space][vc_column_text]<span style=\"color: #383537; font-size: 18px;\">Uva de Finca La Verdad, Gualtallary, Tupungato, ubicada a 1.650 msnm, es uno de los vi\u00f1edos m\u00e1s altos de la provincia. Sus suelos son calc\u00e1reos con gran cantidad de cantos rodados, con noches y ma\u00f1anas muy fr\u00edas.<br \/>\nLa cosecha se realiza a Fines de Febrero y se lo elabora separando tempranamente las partes s\u00f3lidas del mosto, para evitar su maceraci\u00f3n. Se fermenta a bajas temperaturas en vasijas de concreto, cuidando el contacto con el ox\u00edgeno, en su crianza. La misma dura aproximadamente unos 6 meses.<br \/>\n<\/span>[\/vc_column_text][\/vc_column][\/vc_row]<\/p>\n","protected":false},"excerpt":{"rendered":"<p>[vc_row css_animation=&#8221;&#8221; row_type=&#8221;row&#8221; use_row_as_full_screen_section=&#8221;no&#8221; type=&#8221;full_width&#8221; angled_section=&#8221;no&#8221; text_align=&#8221;center&#8221; background_image_as_pattern=&#8221;without_pattern&#8221; z_index=&#8221;&#8221;][vc_column][vc_single_image image=&#8221;235&#8243; img_size=&#8221;full&#8221; alignment=&#8221;center&#8221; qode_css_animation=&#8221;&#8221;][vc_empty_space height=&#8221;132px&#8221;][vc_single_image image=&#8221;339&#8243; img_size=&#8221;full&#8221; alignment=&#8221;center&#8221; style=&#8221;vc_box_rounded&#8221; qode_css_animation=&#8221;&#8221;][\/vc_column][\/vc_row][vc_row css_animation=&#8221;&#8221; row_type=&#8221;row&#8221; use_row_as_full_screen_section=&#8221;no&#8221; type=&#8221;full_width&#8221; angled_section=&#8221;no&#8221; text_align=&#8221;left&#8221; background_image_as_pattern=&#8221;without_pattern&#8221;][vc_column][vc_empty_space][\/vc_column][\/vc_row][vc_row css_animation=&#8221;&#8221; row_type=&#8221;row&#8221; use_row_as_full_screen_section=&#8221;no&#8221; type=&#8221;full_width&#8221; angled_section=&#8221;no&#8221; text_align=&#8221;left&#8221; background_image_as_pattern=&#8221;without_pattern&#8221;][vc_column][vc_column_text] Nazareno Sauvignon Blanc [\/vc_column_text][vc_empty_space][vc_column_text]Uva de Finca La Verdad, Gualtallary, Tupungato, ubicada a&#8230;<\/p>\n","protected":false},"author":1,"featured_media":0,"parent":0,"menu_order":0,"comment_status":"closed","ping_status":"closed","template":"","meta":[],"yoast_head":"<!-- This site is optimized with the Yoast SEO plugin v17.4 - https:\/\/yoast.com\/wordpress\/plugins\/seo\/ -->\n<title>Nazareno Sauvignon Blanc - Reinero Winery<\/title>\n<meta name=\"robots\" content=\"index, follow, max-snippet:-1, max-image-preview:large, max-video-preview:-1\" \/>\n<link rel=\"canonical\" href=\"https:\/\/reinerowinery.com\/index.php\/nazareno-sauvignon-blanc\/?lang=en\" \/>\n<meta property=\"og:locale\" content=\"es_ES\" \/>\n<meta property=\"og:type\" content=\"article\" \/>\n<meta property=\"og:title\" content=\"Nazareno Sauvignon Blanc - Reinero Winery\" \/>\n<meta property=\"og:description\" content=\"[vc_row css_animation=&#8221;&#8221; row_type=&#8221;row&#8221; use_row_as_full_screen_section=&#8221;no&#8221; type=&#8221;full_width&#8221; angled_section=&#8221;no&#8221; text_align=&#8221;center&#8221; background_image_as_pattern=&#8221;without_pattern&#8221; z_index=&#8221;&#8221;][vc_column][vc_single_image image=&#8221;235&#8243; img_size=&#8221;full&#8221; alignment=&#8221;center&#8221; qode_css_animation=&#8221;&#8221;][vc_empty_space height=&#8221;132px&#8221;][vc_single_image image=&#8221;339&#8243; img_size=&#8221;full&#8221; alignment=&#8221;center&#8221; style=&#8221;vc_box_rounded&#8221; qode_css_animation=&#8221;&#8221;][\/vc_column][\/vc_row][vc_row css_animation=&#8221;&#8221; row_type=&#8221;row&#8221; use_row_as_full_screen_section=&#8221;no&#8221; type=&#8221;full_width&#8221; angled_section=&#8221;no&#8221; text_align=&#8221;left&#8221; background_image_as_pattern=&#8221;without_pattern&#8221;][vc_column][vc_empty_space][\/vc_column][\/vc_row][vc_row css_animation=&#8221;&#8221; row_type=&#8221;row&#8221; use_row_as_full_screen_section=&#8221;no&#8221; type=&#8221;full_width&#8221; angled_section=&#8221;no&#8221; text_align=&#8221;left&#8221; background_image_as_pattern=&#8221;without_pattern&#8221;][vc_column][vc_column_text] Nazareno Sauvignon Blanc [\/vc_column_text][vc_empty_space][vc_column_text]Uva de Finca La Verdad, Gualtallary, Tupungato, ubicada a...\" \/>\n<meta property=\"og:url\" content=\"https:\/\/reinerowinery.com\/index.php\/nazareno-sauvignon-blanc\/?lang=en\" \/>\n<meta property=\"og:site_name\" content=\"Reinero Winery\" \/>\n<meta property=\"article:modified_time\" content=\"2021-10-21T13:38:41+00:00\" \/>\n<meta name=\"twitter:card\" content=\"summary_large_image\" \/>\n<meta name=\"twitter:label1\" content=\"Est. reading time\" \/>\n\t<meta name=\"twitter:data1\" content=\"1 minute\" \/>\n<script type=\"application\/ld+json\" class=\"yoast-schema-graph\">{\"@context\":\"https:\/\/schema.org\",\"@graph\":[{\"@type\":\"Organization\",\"@id\":\"https:\/\/reinerowinery.com\/#organization\",\"name\":\"Reinero Winery\",\"url\":\"https:\/\/reinerowinery.com\/\",\"sameAs\":[],\"logo\":{\"@type\":\"ImageObject\",\"@id\":\"https:\/\/reinerowinery.com\/#logo\",\"inLanguage\":\"es-ES\",\"url\":\"https:\/\/reinerowinery.com\/wp-content\/uploads\/2019\/11\/logo-blanco-completo-gris.png\",\"contentUrl\":\"https:\/\/reinerowinery.com\/wp-content\/uploads\/2019\/11\/logo-blanco-completo-gris.png\",\"width\":716,\"height\":211,\"caption\":\"Reinero Winery\"},\"image\":{\"@id\":\"https:\/\/reinerowinery.com\/#logo\"}},{\"@type\":\"WebSite\",\"@id\":\"https:\/\/reinerowinery.com\/#website\",\"url\":\"https:\/\/reinerowinery.com\/\",\"name\":\"Reinero Winery\",\"description\":\"Bodegas y Vi\\u00f1edos\",\"publisher\":{\"@id\":\"https:\/\/reinerowinery.com\/#organization\"},\"potentialAction\":[{\"@type\":\"SearchAction\",\"target\":{\"@type\":\"EntryPoint\",\"urlTemplate\":\"https:\/\/reinerowinery.com\/?s={search_term_string}\"},\"query-input\":\"required name=search_term_string\"}],\"inLanguage\":\"es-ES\"},{\"@type\":\"WebPage\",\"@id\":\"https:\/\/reinerowinery.com\/index.php\/nazareno-sauvignon-blanc\/?lang=en#webpage\",\"url\":\"https:\/\/reinerowinery.com\/index.php\/nazareno-sauvignon-blanc\/?lang=en\",\"name\":\"Nazareno Sauvignon Blanc - Reinero Winery\",\"isPartOf\":{\"@id\":\"https:\/\/reinerowinery.com\/#website\"},\"datePublished\":\"2019-11-19T18:36:28+00:00\",\"dateModified\":\"2021-10-21T13:38:41+00:00\",\"breadcrumb\":{\"@id\":\"https:\/\/reinerowinery.com\/index.php\/nazareno-sauvignon-blanc\/?lang=en#breadcrumb\"},\"inLanguage\":\"es-ES\",\"potentialAction\":[{\"@type\":\"ReadAction\",\"target\":[\"https:\/\/reinerowinery.com\/index.php\/nazareno-sauvignon-blanc\/?lang=en\"]}]},{\"@type\":\"BreadcrumbList\",\"@id\":\"https:\/\/reinerowinery.com\/index.php\/nazareno-sauvignon-blanc\/?lang=en#breadcrumb\",\"itemListElement\":[{\"@type\":\"ListItem\",\"position\":1,\"name\":\"Home\",\"item\":\"https:\/\/reinerowinery.com\/\"},{\"@type\":\"ListItem\",\"position\":2,\"name\":\"Nazareno Sauvignon Blanc\"}]}]}<\/script>\n<!-- \/ Yoast SEO plugin. -->","yoast_head_json":{"title":"Nazareno Sauvignon Blanc - Reinero Winery","robots":{"index":"index","follow":"follow","max-snippet":"max-snippet:-1","max-image-preview":"max-image-preview:large","max-video-preview":"max-video-preview:-1"},"canonical":"https:\/\/reinerowinery.com\/index.php\/nazareno-sauvignon-blanc\/?lang=en","og_locale":"es_ES","og_type":"article","og_title":"Nazareno Sauvignon Blanc - Reinero Winery","og_description":"[vc_row css_animation=&#8221;&#8221; row_type=&#8221;row&#8221; use_row_as_full_screen_section=&#8221;no&#8221; type=&#8221;full_width&#8221; angled_section=&#8221;no&#8221; text_align=&#8221;center&#8221; background_image_as_pattern=&#8221;without_pattern&#8221; z_index=&#8221;&#8221;][vc_column][vc_single_image image=&#8221;235&#8243; img_size=&#8221;full&#8221; alignment=&#8221;center&#8221; qode_css_animation=&#8221;&#8221;][vc_empty_space height=&#8221;132px&#8221;][vc_single_image image=&#8221;339&#8243; img_size=&#8221;full&#8221; alignment=&#8221;center&#8221; style=&#8221;vc_box_rounded&#8221; qode_css_animation=&#8221;&#8221;][\/vc_column][\/vc_row][vc_row css_animation=&#8221;&#8221; row_type=&#8221;row&#8221; use_row_as_full_screen_section=&#8221;no&#8221; type=&#8221;full_width&#8221; angled_section=&#8221;no&#8221; text_align=&#8221;left&#8221; background_image_as_pattern=&#8221;without_pattern&#8221;][vc_column][vc_empty_space][\/vc_column][\/vc_row][vc_row css_animation=&#8221;&#8221; row_type=&#8221;row&#8221; use_row_as_full_screen_section=&#8221;no&#8221; type=&#8221;full_width&#8221; angled_section=&#8221;no&#8221; text_align=&#8221;left&#8221; background_image_as_pattern=&#8221;without_pattern&#8221;][vc_column][vc_column_text] Nazareno Sauvignon Blanc [\/vc_column_text][vc_empty_space][vc_column_text]Uva de Finca La Verdad, Gualtallary, Tupungato, ubicada a...","og_url":"https:\/\/reinerowinery.com\/index.php\/nazareno-sauvignon-blanc\/?lang=en","og_site_name":"Reinero Winery","article_modified_time":"2021-10-21T13:38:41+00:00","twitter_card":"summary_large_image","twitter_misc":{"Est. reading time":"1 minute"},"schema":{"@context":"https:\/\/schema.org","@graph":[{"@type":"Organization","@id":"https:\/\/reinerowinery.com\/#organization","name":"Reinero Winery","url":"https:\/\/reinerowinery.com\/","sameAs":[],"logo":{"@type":"ImageObject","@id":"https:\/\/reinerowinery.com\/#logo","inLanguage":"es-ES","url":"https:\/\/reinerowinery.com\/wp-content\/uploads\/2019\/11\/logo-blanco-completo-gris.png","contentUrl":"https:\/\/reinerowinery.com\/wp-content\/uploads\/2019\/11\/logo-blanco-completo-gris.png","width":716,"height":211,"caption":"Reinero Winery"},"image":{"@id":"https:\/\/reinerowinery.com\/#logo"}},{"@type":"WebSite","@id":"https:\/\/reinerowinery.com\/#website","url":"https:\/\/reinerowinery.com\/","name":"Reinero Winery","description":"Bodegas y Vi\u00f1edos","publisher":{"@id":"https:\/\/reinerowinery.com\/#organization"},"potentialAction":[{"@type":"SearchAction","target":{"@type":"EntryPoint","urlTemplate":"https:\/\/reinerowinery.com\/?s={search_term_string}"},"query-input":"required name=search_term_string"}],"inLanguage":"es-ES"},{"@type":"WebPage","@id":"https:\/\/reinerowinery.com\/index.php\/nazareno-sauvignon-blanc\/?lang=en#webpage","url":"https:\/\/reinerowinery.com\/index.php\/nazareno-sauvignon-blanc\/?lang=en","name":"Nazareno Sauvignon Blanc - Reinero Winery","isPartOf":{"@id":"https:\/\/reinerowinery.com\/#website"},"datePublished":"2019-11-19T18:36:28+00:00","dateModified":"2021-10-21T13:38:41+00:00","breadcrumb":{"@id":"https:\/\/reinerowinery.com\/index.php\/nazareno-sauvignon-blanc\/?lang=en#breadcrumb"},"inLanguage":"es-ES","potentialAction":[{"@type":"ReadAction","target":["https:\/\/reinerowinery.com\/index.php\/nazareno-sauvignon-blanc\/?lang=en"]}]},{"@type":"BreadcrumbList","@id":"https:\/\/reinerowinery.com\/index.php\/nazareno-sauvignon-blanc\/?lang=en#breadcrumb","itemListElement":[{"@type":"ListItem","position":1,"name":"Home","item":"https:\/\/reinerowinery.com\/"},{"@type":"ListItem","position":2,"name":"Nazareno Sauvignon Blanc"}]}]}},"_links":{"self":[{"href":"https:\/\/reinerowinery.com\/index.php\/wp-json\/wp\/v2\/pages\/395"}],"collection":[{"href":"https:\/\/reinerowinery.com\/index.php\/wp-json\/wp\/v2\/pages"}],"about":[{"href":"https:\/\/reinerowinery.com\/index.php\/wp-json\/wp\/v2\/types\/page"}],"author":[{"embeddable":true,"href":"https:\/\/reinerowinery.com\/index.php\/wp-json\/wp\/v2\/users\/1"}],"replies":[{"embeddable":true,"href":"https:\/\/reinerowinery.com\/index.php\/wp-json\/wp\/v2\/comments?post=395"}],"version-history":[{"count":2,"href":"https:\/\/reinerowinery.com\/index.php\/wp-json\/wp\/v2\/pages\/395\/revisions"}],"predecessor-version":[{"id":483,"href":"https:\/\/reinerowinery.com\/index.php\/wp-json\/wp\/v2\/pages\/395\/revisions\/483"}],"wp:attachment":[{"href":"https:\/\/reinerowinery.com\/index.php\/wp-json\/wp\/v2\/media?parent=395"}],"curies":[{"name":"wp","href":"https:\/\/api.w.org\/{rel}","templated":true}]}}